{"id":87,"date":"2016-08-23T10:37:41","date_gmt":"2016-08-23T09:37:41","guid":{"rendered":"http:\/\/www.deesnay.com\/blog\/?page_id=87"},"modified":"2026-01-15T10:55:57","modified_gmt":"2026-01-15T09:55:57","slug":"a-propos","status":"publish","type":"page","link":"https:\/\/www.deesnay.com\/dessins\/a-propos\/","title":{"rendered":"\u00c0 propos"},"content":{"rendered":"\n<p>Blog \u00e9dit\u00e9 par Denis Rionnet.<\/p>\n\n\n\n<p>Du m\u00eame auteur :<\/p>\n\n\n\n<ul class=\"wp-block-list\">\n<li><a href=\"http:\/\/www.deesnay.com\/md\/\" target=\"_blank\" rel=\"noopener noreferrer\">Maman &amp; Dave<\/a> (bande dessin\u00e9e)<\/li>\n\n\n\n<li><a href=\"http:\/\/www.megabambou.com\" target=\"_blank\" rel=\"noopener noreferrer\">Marabouts de papier<\/a> (site de r\u00e9f\u00e9rence de la magopinaciophilie)<\/li>\n\n\n\n<li><a href=\"https:\/\/www.deesnay.com\/medieval\" target=\"_blank\" rel=\"noreferrer noopener\">Le Vieux Fran\u00e7ois<\/a> (extension de navigateur)<\/li>\n\n\n\n<li><a href=\"https:\/\/deesnay.com\/divercity\/\" target=\"_blank\" rel=\"noreferrer noopener\">Divercity<\/a> (roman)<\/li>\n<\/ul>\n","protected":false},"excerpt":{"rendered":"<p>Blog \u00e9dit\u00e9 par Denis Rionnet. Du m\u00eame auteur :<\/p>\n","protected":false},"author":1,"featured_media":0,"parent":0,"menu_order":0,"comment_status":"closed","ping_status":"closed","template":"","meta":{"footnotes":""},"class_list":["post-87","page","type-page","status-publish","hentry"],"_links":{"self":[{"href":"https:\/\/www.deesnay.com\/dessins\/wp-json\/wp\/v2\/pages\/87","targetHints":{"allow":["GET"]}}],"collection":[{"href":"https:\/\/www.deesnay.com\/dessins\/wp-json\/wp\/v2\/pages"}],"about":[{"href":"https:\/\/www.deesnay.com\/dessins\/wp-json\/wp\/v2\/types\/page"}],"author":[{"embeddable":true,"href":"https:\/\/www.deesnay.com\/dessins\/wp-json\/wp\/v2\/users\/1"}],"replies":[{"embeddable":true,"href":"https:\/\/www.deesnay.com\/dessins\/wp-json\/wp\/v2\/comments?post=87"}],"version-history":[{"count":6,"href":"https:\/\/www.deesnay.com\/dessins\/wp-json\/wp\/v2\/pages\/87\/revisions"}],"predecessor-version":[{"id":334,"href":"https:\/\/www.deesnay.com\/dessins\/wp-json\/wp\/v2\/pages\/87\/revisions\/334"}],"wp:attachment":[{"href":"https:\/\/www.deesnay.com\/dessins\/wp-json\/wp\/v2\/media?parent=87"}],"curies":[{"name":"wp","href":"https:\/\/api.w.org\/{rel}","templated":true}]}}